{"id":438,"date":"2019-11-27T17:40:54","date_gmt":"2019-11-27T20:40:54","guid":{"rendered":"http:\/\/npcperformance.web7045.uni5.net\/site\/?page_id=438"},"modified":"2019-12-09T16:29:10","modified_gmt":"2019-12-09T19:29:10","slug":"remap-ou-piggyback","status":"publish","type":"page","link":"https:\/\/npcperformance.com.br\/site\/performance\/remap-ou-piggyback\/","title":{"rendered":"Remap ou Piggyback?"},"content":{"rendered":"<h1>QUAL A DIFEREN\u00c7A ENTRE REMAP E PIGGYBACK?<\/h1>\n<h1>QUAL O MELHOR PARA O MEU CARRO?<\/h1>\n<h1>REMAP<\/h1>\n<h1>REPROGRAMA\u00c7\u00c3O NA E.C.U<\/h1>\n<p><img decoding=\"async\" src=\"wp-content\/uploads\/2019\/11\/remap.jpg\" alt=\"\"><\/p>\n<div>O <strong>REMAP<\/strong> \u00e9 a reprograma\u00e7\u00e3o direta na central eletr\u00f4nica, alterando os par\u00e2metros da calibra\u00e7\u00e3o.<\/div>\n<div>Este m\u00e9todo \u00e9 feito atrav\u00e9s de dois modos: via toma de diagn\u00f3stico OBD ou em alguns casos dever\u00e1 ser feito diretamente na central.<\/div>\n<div>O <strong>REMAP<\/strong> possui alguns benef\u00edcios que o Piggyback n\u00e3o tem:<\/div>\n<ul>\n<li>\n<div>Retira o limitador de velocidade;<\/div>\n<\/li>\n<li>\n<div>Corta os sinais da segunda sonda eliminando avarias na inje\u00e7\u00e3o caso seja instalado um downpipe menos restritivo;<\/div>\n<\/li>\n<li>\n<div>Por ser uma altera\u00e7\u00e3o direta no software, o ve\u00edculo apresenta uma performance levemente melhor do que no piggyback.<\/div>\n<\/li>\n<\/ul>\n<h1>PIGGYBACK<\/h1>\n<h1>M\u00d3DULO DE POT\u00caNCIA<\/h1>\n<p><img decoding=\"async\" src=\"wp-content\/uploads\/2019\/11\/piggy.jpg\" alt=\"\"><\/p>\n<div>O <strong>PIGGYBACK<\/strong> \u00e9 um m\u00f3dulo externo que vai interceptar os sinais emitidos pelo seu motor, vai alterar estes sinais e logo em seguida ir\u00e1 remeter estas informa\u00e7\u00f5es modificadas para a ECU.<\/div>\n<div>Essas altera\u00e7\u00f5es feitas pelo piggyback fazem com que a ECU dite novos par\u00e2metros de funcionamento ao motor (maior press\u00e3o de turbo, compensa\u00e7\u00e3o de combust\u00edvel, ponto de igni\u00e7\u00e3o, etc), o que ao final resulta em ganho de pot\u00eancia e torque.<\/div>\n<div>O <strong>PIGGYBACK<\/strong> possui alguns benef\u00edcios que o Remap n\u00e3o tem:<\/div>\n<ul>\n<li>\n<div>O m\u00f3dulo Piggyback pode ser reaproveitado em outros ve\u00edculos;<\/div>\n<\/li>\n<li>\n<div>N\u00e3o deixa rastros no software, central e nem no hardware do motor, o que torna ideal para carros ainda em garantia;<\/div>\n<\/li>\n<li>\n<div>Os m\u00f3dulos de condu\u00e7\u00e3o (ECO\/SPORT\/RACE) podem ser alterados via bluetooth* pelo aplicativo do celular.<\/div>\n<\/li>\n<\/ul>\n<div>*caso esteja dispon\u00edvel para o modelo escolhido.<\/div>\n<p><!-- {\"type\":\"layout\",\"children\":[{\"type\":\"section\",\"props\":{\"style\":\"default\",\"width\":\"default\",\"vertical_align\":\"middle\",\"title_position\":\"top-left\",\"title_rotation\":\"left\",\"title_breakpoint\":\"xl\",\"image_position\":\"top-center\",\"text_color\":\"\",\"width_expand\":\"\",\"height\":\"\",\"padding\":\"\",\"header_transparent\":\"\",\"animation\":\"\",\"image\":\"wp-content\\\/uploads\\\/2019\\\/10\\\/bg-mecanica.jpg\",\"image_size\":\"\",\"image_effect\":\"\",\"image_parallax_breakpoint\":\"\",\"image_visibility\":\"\",\"video_width\":\"\",\"video_height\":\"\",\"media_blend_mode\":\"\"},\"children\":[{\"type\":\"row\",\"props\":{\"layout\":\"1-1\",\"breakpoint\":\"m\",\"fixed_width\":\"large\",\"gutter\":\"\",\"width\":\"\",\"width_expand\":\"\",\"height\":\"\",\"margin\":\"\"},\"children\":[{\"type\":\"column\",\"props\":{\"widths\":[\"1-1\"],\"image_position\":\"center-center\",\"media_overlay_gradient\":\"\",\"vertical_align\":\"\",\"style\":\"\",\"text_color\":\"\",\"padding\":\"\"},\"children\":[{\"type\":\"headline\",\"props\":{\"title_element\":\"h1\",\"title_style\":\"h2\",\"title_decoration\":\"\",\"title_font_family\":\"\",\"title_color\":\"\",\"position\":\"\",\"position_z_index\":\"\",\"margin\":\"remove-vertical\",\"maxwidth\":\"xlarge\",\"maxwidth_breakpoint\":\"\",\"block_align\":\"center\",\"block_align_breakpoint\":\"\",\"block_align_fallback\":\"\",\"text_align\":\"center\",\"text_align_breakpoint\":\"\",\"text_align_fallback\":\"\",\"animation\":\"\",\"visibility\":\"\",\"content\":\"QUAL A DIFEREN\\u00c7A ENTRE REMAP E PIGGYBACK?\"}},{\"type\":\"headline\",\"props\":{\"title_element\":\"h1\",\"title_style\":\"h4\",\"title_decoration\":\"\",\"title_font_family\":\"\",\"title_color\":\"danger\",\"position\":\"\",\"position_z_index\":\"\",\"margin\":\"small\",\"maxwidth\":\"xlarge\",\"maxwidth_breakpoint\":\"\",\"block_align\":\"center\",\"block_align_breakpoint\":\"\",\"block_align_fallback\":\"\",\"text_align\":\"center\",\"text_align_breakpoint\":\"\",\"text_align_fallback\":\"\",\"animation\":\"\",\"visibility\":\"\",\"content\":\"QUAL O MELHOR PARA O MEU CARRO?\"}}]}]},{\"type\":\"row\",\"props\":{\"layout\":\",\",\"breakpoint\":\"m\",\"fixed_width\":\"large\",\"gutter\":\"collapse\",\"width\":\"\",\"width_expand\":\"\",\"height\":\"\",\"margin\":\"medium\",\"margin_remove_bottom\":true},\"children\":[{\"type\":\"column\",\"props\":{\"widths\":[\"\"],\"image_position\":\"center-center\",\"media_overlay_gradient\":\"\",\"vertical_align\":\"\",\"style\":\"primary\",\"text_color\":\"\",\"padding\":\"small\"},\"children\":[{\"type\":\"headline\",\"props\":{\"title_element\":\"h1\",\"title_style\":\"\",\"title_decoration\":\"line\",\"title_font_family\":\"\",\"title_color\":\"\",\"position\":\"\",\"position_z_index\":\"\",\"margin\":\"remove-vertical\",\"maxwidth\":\"\",\"maxwidth_breakpoint\":\"\",\"block_align\":\"\",\"block_align_breakpoint\":\"\",\"block_align_fallback\":\"\",\"text_align\":\"center\",\"text_align_breakpoint\":\"\",\"text_align_fallback\":\"\",\"animation\":\"\",\"visibility\":\"\",\"content\":\"REMAP\"}},{\"type\":\"headline\",\"props\":{\"title_element\":\"h1\",\"title_style\":\"h4\",\"title_decoration\":\"\",\"title_font_family\":\"\",\"title_color\":\"muted\",\"position\":\"\",\"position_z_index\":\"\",\"margin\":\"remove-vertical\",\"maxwidth\":\"\",\"maxwidth_breakpoint\":\"\",\"block_align\":\"\",\"block_align_breakpoint\":\"\",\"block_align_fallback\":\"\",\"text_align\":\"center\",\"text_align_breakpoint\":\"\",\"text_align_fallback\":\"\",\"animation\":\"\",\"visibility\":\"\",\"content\":\"REPROGRAMA\\u00c7\\u00c3O NA E.C.U\"}},{\"type\":\"image\",\"props\":{\"margin\":\"default\",\"image_svg_color\":\"emphasis\",\"link_target\":\"\",\"image_border\":\"\",\"image_box_shadow\":\"\",\"image_hover_box_shadow\":\"\",\"image_box_decoration\":\"\",\"position\":\"\",\"position_z_index\":\"\",\"maxwidth\":\"\",\"maxwidth_breakpoint\":\"\",\"block_align\":\"\",\"block_align_breakpoint\":\"\",\"block_align_fallback\":\"\",\"text_align\":\"\",\"text_align_breakpoint\":\"\",\"text_align_fallback\":\"\",\"animation\":\"\",\"visibility\":\"\",\"image\":\"wp-content\\\/uploads\\\/2019\\\/11\\\/remap.jpg\"}},{\"type\":\"text\",\"props\":{\"margin\":\"default\",\"column_breakpoint\":\"m\",\"text_style\":\"\",\"text_color\":\"\",\"text_size\":\"\",\"column\":\"\",\"position\":\"\",\"position_z_index\":\"\",\"maxwidth\":\"\",\"maxwidth_breakpoint\":\"\",\"block_align\":\"\",\"block_align_breakpoint\":\"\",\"block_align_fallback\":\"\",\"text_align\":\"\",\"text_align_breakpoint\":\"\",\"text_align_fallback\":\"\",\"animation\":\"\",\"visibility\":\"\",\"content\":\"O <strong>REMAP<\\\/strong> \\u00e9 a reprograma\\u00e7\\u00e3o direta na central eletr\\u00f4nica, alterando os par\\u00e2metros da calibra\\u00e7\\u00e3o.\"}},{\"type\":\"text\",\"props\":{\"margin\":\"default\",\"column_breakpoint\":\"m\",\"text_style\":\"\",\"text_color\":\"\",\"text_size\":\"\",\"column\":\"\",\"position\":\"\",\"position_z_index\":\"\",\"maxwidth\":\"\",\"maxwidth_breakpoint\":\"\",\"block_align\":\"\",\"block_align_breakpoint\":\"\",\"block_align_fallback\":\"\",\"text_align\":\"\",\"text_align_breakpoint\":\"\",\"text_align_fallback\":\"\",\"animation\":\"\",\"visibility\":\"\",\"content\":\"Este m\\u00e9todo \\u00e9 feito atrav\\u00e9s de dois modos: via toma de diagn\\u00f3stico OBD ou em alguns casos dever\\u00e1 ser feito diretamente na central.\"}},{\"type\":\"text\",\"props\":{\"margin\":\"default\",\"column_breakpoint\":\"m\",\"text_style\":\"\",\"text_color\":\"\",\"text_size\":\"\",\"column\":\"\",\"position\":\"\",\"position_z_index\":\"\",\"maxwidth\":\"\",\"maxwidth_breakpoint\":\"\",\"block_align\":\"\",\"block_align_breakpoint\":\"\",\"block_align_fallback\":\"\",\"text_align\":\"\",\"text_align_breakpoint\":\"\",\"text_align_fallback\":\"\",\"animation\":\"\",\"visibility\":\"\",\"content\":\"O <strong>REMAP<\\\/strong> possui alguns benef\\u00edcios que o Piggyback n\\u00e3o tem:\"}},{\"type\":\"list\",\"props\":{\"show_image\":true,\"show_link\":true,\"image_svg_color\":\"emphasis\",\"image_align\":\"left\",\"image_vertical_align\":true,\"list_style\":\"divider\",\"content_style\":\"\",\"image_border\":\"\",\"icon_color\":\"danger\",\"link_style\":\"\",\"position\":\"\",\"position_z_index\":\"\",\"margin\":\"\",\"maxwidth\":\"\",\"maxwidth_breakpoint\":\"\",\"block_align\":\"\",\"block_align_breakpoint\":\"\",\"block_align_fallback\":\"\",\"text_align\":\"\",\"text_align_breakpoint\":\"\",\"text_align_fallback\":\"\",\"animation\":\"\",\"visibility\":\"\",\"icon\":\"arrow-right\"},\"children\":[{\"type\":\"list_item\",\"props\":{\"icon_color\":\"\",\"content\":\"Retira o limitador de velocidade;\"}},{\"type\":\"list_item\",\"props\":{\"icon_color\":\"\",\"content\":\"Corta os sinais da segunda sonda eliminando avarias na inje\\u00e7\\u00e3o caso seja instalado um downpipe menos restritivo;\"}},{\"type\":\"list_item\",\"props\":{\"icon_color\":\"\",\"content\":\"Por ser uma altera\\u00e7\\u00e3o direta no software, o ve\\u00edculo apresenta uma performance levemente melhor do que no piggyback.\"}}]}]},{\"type\":\"column\",\"props\":{\"widths\":[\"\"],\"image_position\":\"center-center\",\"media_overlay_gradient\":\"\",\"vertical_align\":\"\",\"style\":\"secondary\",\"text_color\":\"\",\"padding\":\"small\"},\"children\":[{\"type\":\"headline\",\"props\":{\"title_element\":\"h1\",\"title_style\":\"\",\"title_decoration\":\"line\",\"title_font_family\":\"\",\"title_color\":\"\",\"position\":\"\",\"position_z_index\":\"\",\"margin\":\"remove-vertical\",\"maxwidth\":\"\",\"maxwidth_breakpoint\":\"\",\"block_align\":\"\",\"block_align_breakpoint\":\"\",\"block_align_fallback\":\"\",\"text_align\":\"center\",\"text_align_breakpoint\":\"\",\"text_align_fallback\":\"\",\"animation\":\"\",\"visibility\":\"\",\"content\":\"PIGGYBACK\"}},{\"type\":\"headline\",\"props\":{\"title_element\":\"h1\",\"title_style\":\"h4\",\"title_decoration\":\"\",\"title_font_family\":\"\",\"title_color\":\"muted\",\"position\":\"\",\"position_z_index\":\"\",\"margin\":\"remove-vertical\",\"maxwidth\":\"\",\"maxwidth_breakpoint\":\"\",\"block_align\":\"\",\"block_align_breakpoint\":\"\",\"block_align_fallback\":\"\",\"text_align\":\"center\",\"text_align_breakpoint\":\"\",\"text_align_fallback\":\"\",\"animation\":\"\",\"visibility\":\"\",\"content\":\"M\\u00d3DULO DE POT\\u00caNCIA\"}},{\"type\":\"image\",\"props\":{\"margin\":\"default\",\"image_svg_color\":\"emphasis\",\"link_target\":\"\",\"image_border\":\"\",\"image_box_shadow\":\"\",\"image_hover_box_shadow\":\"\",\"image_box_decoration\":\"\",\"position\":\"\",\"position_z_index\":\"\",\"maxwidth\":\"\",\"maxwidth_breakpoint\":\"\",\"block_align\":\"\",\"block_align_breakpoint\":\"\",\"block_align_fallback\":\"\",\"text_align\":\"\",\"text_align_breakpoint\":\"\",\"text_align_fallback\":\"\",\"animation\":\"\",\"visibility\":\"\",\"image\":\"wp-content\\\/uploads\\\/2019\\\/11\\\/piggy.jpg\"}},{\"type\":\"text\",\"props\":{\"margin\":\"default\",\"column_breakpoint\":\"m\",\"text_style\":\"\",\"text_color\":\"\",\"text_size\":\"\",\"column\":\"\",\"position\":\"\",\"position_z_index\":\"\",\"maxwidth\":\"\",\"maxwidth_breakpoint\":\"\",\"block_align\":\"\",\"block_align_breakpoint\":\"\",\"block_align_fallback\":\"\",\"text_align\":\"\",\"text_align_breakpoint\":\"\",\"text_align_fallback\":\"\",\"animation\":\"\",\"visibility\":\"\",\"content\":\"O <strong>PIGGYBACK<\\\/strong> \\u00e9 um m\\u00f3dulo externo que vai interceptar os sinais emitidos pelo seu motor, vai alterar estes sinais e logo em seguida ir\\u00e1 remeter estas informa\\u00e7\\u00f5es modificadas para a ECU.\"}},{\"type\":\"text\",\"props\":{\"margin\":\"default\",\"column_breakpoint\":\"m\",\"text_style\":\"\",\"text_color\":\"\",\"text_size\":\"\",\"column\":\"\",\"position\":\"\",\"position_z_index\":\"\",\"maxwidth\":\"\",\"maxwidth_breakpoint\":\"\",\"block_align\":\"\",\"block_align_breakpoint\":\"\",\"block_align_fallback\":\"\",\"text_align\":\"\",\"text_align_breakpoint\":\"\",\"text_align_fallback\":\"\",\"animation\":\"\",\"visibility\":\"\",\"content\":\"Essas altera\\u00e7\\u00f5es feitas pelo piggyback fazem com que a ECU dite novos par\\u00e2metros de funcionamento ao motor (maior press\\u00e3o de turbo, compensa\\u00e7\\u00e3o de combust\\u00edvel, ponto de igni\\u00e7\\u00e3o, etc), o que ao final resulta em ganho de pot\\u00eancia e torque.\"}},{\"type\":\"text\",\"props\":{\"margin\":\"default\",\"column_breakpoint\":\"m\",\"text_style\":\"\",\"text_color\":\"\",\"text_size\":\"\",\"column\":\"\",\"position\":\"\",\"position_z_index\":\"\",\"maxwidth\":\"\",\"maxwidth_breakpoint\":\"\",\"block_align\":\"\",\"block_align_breakpoint\":\"\",\"block_align_fallback\":\"\",\"text_align\":\"\",\"text_align_breakpoint\":\"\",\"text_align_fallback\":\"\",\"animation\":\"\",\"visibility\":\"\",\"content\":\"O <strong>PIGGYBACK<\\\/strong> possui alguns benef\\u00edcios que o Remap n\\u00e3o tem:\"}},{\"type\":\"list\",\"props\":{\"show_image\":true,\"show_link\":true,\"image_svg_color\":\"emphasis\",\"image_align\":\"left\",\"image_vertical_align\":true,\"list_style\":\"divider\",\"content_style\":\"\",\"image_border\":\"\",\"icon_color\":\"emphasis\",\"link_style\":\"\",\"position\":\"\",\"position_z_index\":\"\",\"margin\":\"\",\"maxwidth\":\"\",\"maxwidth_breakpoint\":\"\",\"block_align\":\"\",\"block_align_breakpoint\":\"\",\"block_align_fallback\":\"\",\"text_align\":\"\",\"text_align_breakpoint\":\"\",\"text_align_fallback\":\"\",\"animation\":\"\",\"visibility\":\"\",\"icon\":\"arrow-right\"},\"children\":[{\"type\":\"list_item\",\"props\":{\"icon_color\":\"\",\"content\":\"O m\\u00f3dulo Piggyback pode ser reaproveitado em outros ve\\u00edculos;\"}},{\"type\":\"list_item\",\"props\":{\"icon_color\":\"\",\"content\":\"N\\u00e3o deixa rastros no software, central e nem no hardware do motor, o que torna ideal para carros ainda em garantia;\"}},{\"type\":\"list_item\",\"props\":{\"icon_color\":\"\",\"content\":\"Os m\\u00f3dulos de condu\\u00e7\\u00e3o (ECO\\\/SPORT\\\/RACE) podem ser alterados via bluetooth* pelo aplicativo do celular.\"}}]}]}]},{\"type\":\"row\",\"props\":{\"layout\":\"1-1\",\"breakpoint\":\"m\",\"fixed_width\":\"large\",\"gutter\":\"\",\"width\":\"\",\"width_expand\":\"\",\"height\":\"\",\"margin\":\"small\"},\"children\":[{\"type\":\"column\",\"props\":{\"widths\":[\"1-1\"],\"image_position\":\"center-center\",\"media_overlay_gradient\":\"\",\"vertical_align\":\"\",\"style\":\"\",\"text_color\":\"\",\"padding\":\"\"},\"children\":[{\"type\":\"text\",\"props\":{\"margin\":\"small\",\"column_breakpoint\":\"m\",\"text_style\":\"\",\"text_color\":\"\",\"text_size\":\"small\",\"column\":\"\",\"position\":\"\",\"position_z_index\":\"\",\"maxwidth\":\"\",\"maxwidth_breakpoint\":\"\",\"block_align\":\"\",\"block_align_breakpoint\":\"\",\"block_align_fallback\":\"\",\"text_align\":\"right\",\"text_align_breakpoint\":\"\",\"text_align_fallback\":\"\",\"animation\":\"\",\"visibility\":\"\",\"content\":\"*caso esteja dispon\\u00edvel para o modelo escolhido.\"}}]}]}]}],\"version\":\"1.21.10\",\"props\":[]} --><\/p>\n","protected":false},"excerpt":{"rendered":"<p>QUAL A DIFEREN\u00c7A ENTRE REMAP E PIGGYBACK? QUAL O MELHOR PARA O MEU CARRO? REMAP REPROGRAMA\u00c7\u00c3O NA E.C.U O REMAP \u00e9 a reprograma\u00e7\u00e3o direta na central eletr\u00f4nica, alterando os par\u00e2metros da calibra\u00e7\u00e3o. Este m\u00e9todo \u00e9 feito atrav\u00e9s de dois modos: via toma de diagn\u00f3stico OBD ou em alguns casos dever\u00e1 ser feito diretamente na central. [&hellip;]<\/p>\n","protected":false},"author":1,"featured_media":0,"parent":14,"menu_order":0,"comment_status":"closed","ping_status":"closed","template":"","meta":{"_acf_changed":false,"_joinchat":[],"footnotes":""},"class_list":["post-438","page","type-page","status-publish","hentry"],"acf":[],"_links":{"self":[{"href":"https:\/\/npcperformance.com.br\/site\/wp-json\/wp\/v2\/pages\/438","targetHints":{"allow":["GET"]}}],"collection":[{"href":"https:\/\/npcperformance.com.br\/site\/wp-json\/wp\/v2\/pages"}],"about":[{"href":"https:\/\/npcperformance.com.br\/site\/wp-json\/wp\/v2\/types\/page"}],"author":[{"embeddable":true,"href":"https:\/\/npcperformance.com.br\/site\/wp-json\/wp\/v2\/users\/1"}],"replies":[{"embeddable":true,"href":"https:\/\/npcperformance.com.br\/site\/wp-json\/wp\/v2\/comments?post=438"}],"version-history":[{"count":10,"href":"https:\/\/npcperformance.com.br\/site\/wp-json\/wp\/v2\/pages\/438\/revisions"}],"predecessor-version":[{"id":531,"href":"https:\/\/npcperformance.com.br\/site\/wp-json\/wp\/v2\/pages\/438\/revisions\/531"}],"up":[{"embeddable":true,"href":"https:\/\/npcperformance.com.br\/site\/wp-json\/wp\/v2\/pages\/14"}],"wp:attachment":[{"href":"https:\/\/npcperformance.com.br\/site\/wp-json\/wp\/v2\/media?parent=438"}],"curies":[{"name":"wp","href":"https:\/\/api.w.org\/{rel}","templated":true}]}}