{"id":342,"date":"2019-11-06T16:27:20","date_gmt":"2019-11-06T19:27:20","guid":{"rendered":"http:\/\/npcperformance.web7045.uni5.net\/site\/?page_id=342"},"modified":"2019-11-06T16:44:10","modified_gmt":"2019-11-06T19:44:10","slug":"videos","status":"publish","type":"page","link":"https:\/\/npcperformance.com.br\/site\/quem-somos\/videos\/","title":{"rendered":"V\u00eddeos"},"content":{"rendered":"<h1>GALERIA DE<\/h1>\n<h1>V\u00cdDEOS<\/h1>\n<div>\n\t\t\t<div \n\t\t\tclass=\"yotu-playlist yotuwp yotu-limit-min yotu-player-full  yotu-thumb-169  yotu-template-grid\" \n\t\t\tdata-page=\"1\"\n\t\t\tid=\"yotuwp-69dc1f48ed82c\"\n\t\t\tdata-yotu=\"modal\"\n\t\t\tdata-total=\"22\"\n\t\t\tdata-settings=\"eyJ0eXBlIjoicGxheWxpc3QiLCJpZCI6IlVVVnI1YTJUY2drVGRnR2tJU1JiY0trZyIsInBhZ2luYXRpb24iOiJvbiIsInBhZ2l0eXBlIjoibG9hZG1vcmUiLCJjb2x1bW4iOiIzIiwicGVyX3BhZ2UiOiIxMiIsInRlbXBsYXRlIjoiZ3JpZCIsInRpdGxlIjoib24iLCJkZXNjcmlwdGlvbiI6Im9uIiwidGh1bWJyYXRpbyI6IjE2OSIsIm1ldGEiOiJvZmYiLCJtZXRhX2RhdGEiOiJvZmYiLCJtZXRhX3Bvc2l0aW9uIjoib2ZmIiwiZGF0ZV9mb3JtYXQiOiJvZmYiLCJtZXRhX2FsaWduIjoib2ZmIiwic3Vic2NyaWJlIjoib2ZmIiwiZHVyYXRpb24iOiJvZmYiLCJtZXRhX2ljb24iOiJvZmYiLCJuZXh0dGV4dCI6IiIsInByZXZ0ZXh0IjoiIiwibG9hZG1vcmV0ZXh0IjoiIiwicGxheWVyIjp7Im1vZGUiOiJwb3B1cCIsIndpZHRoIjoiMCIsInNjcm9sbGluZyI6IjEwMCIsImF1dG9wbGF5IjowLCJjb250cm9scyI6MSwibW9kZXN0YnJhbmRpbmciOjEsImxvb3AiOjAsImF1dG9uZXh0IjowLCJzaG93aW5mbyI6MSwicmVsIjowLCJwbGF5aW5nIjowLCJwbGF5aW5nX2Rlc2NyaXB0aW9uIjowLCJ0aHVtYm5haWxzIjowLCJjY19sb2FkX3BvbGljeSI6IjEiLCJjY19sYW5nX3ByZWYiOiIxIiwiaGwiOiJwdCIsIml2X2xvYWRfcG9saWN5IjoiMSJ9LCJsYXN0X3RhYiI6InN0eWxpbmciLCJ1c2VfYXNfbW9kYWwiOiJvZmYiLCJtb2RhbF9pZCI6Im9mZiIsImxhc3RfdXBkYXRlIjoiMTU3MzA2OTk5MCIsInN0eWxpbmciOnsicGFnZXJfbGF5b3V0IjoiZGVmYXVsdCIsImJ1dHRvbiI6IjIiLCJidXR0b25fY29sb3IiOiIiLCJidXR0b25fYmdfY29sb3IiOiIiLCJidXR0b25fY29sb3JfaG92ZXIiOiIiLCJidXR0b25fYmdfY29sb3JfaG92ZXIiOiIiLCJ2aWRlb19zdHlsZSI6IiIsInBsYXlpY29uX2NvbG9yIjoiIiwiaG92ZXJfaWNvbiI6IiIsImdhbGxlcnlfYmciOiIifSwiZWZmZWN0cyI6eyJ2aWRlb19ib3giOiIiLCJmbGlwX2VmZmVjdCI6IiJ9LCJnYWxsZXJ5X2lkIjoiNjlkYzFmNDhlZDgyYyIsIm5leHQiOiJFQUFhSGxCVU9rTkJkMmxGUlZaSFVXcE5NbEZyVmtOU1JHUkhVbFJCTlZKcWF3IiwicHJldiI6IiJ9\"\n\t\t\tdata-player=\"popup\"\n\t\t\tdata-showdesc=\"on\" >\n\t\t\t\t<div>\n\t\t\t\t\t<div class=\"yotu-videos yotu-mode-grid yotu-column-3 yotu-player-mode-popup\">\n\t<ul>\n\t\t\t\t\t<li class=\" yotu-first\">\n\t\t\t\t\t\t\t\t<a href=\"#QJ7icp3muF8\" class=\"yotu-video\" data-videoid=\"QJ7icp3muF8\" data-title=\"PORSCHE GT3 Stg2 - Remap NPC PERFORMANCE\" title=\"PORSCHE GT3 Stg2 - Remap NPC PERFORMANCE\">\n\t\t\t\t\t<div class=\"yotu-video-thumb-wrp\">\n\t\t\t\t\t\t<div>\n\t\t\t\t\t\t\t\t\t\t\t\t\t\t<img decoding=\"async\" class=\"yotu-video-thumb\" src=\"https:\/\/i.ytimg.com\/vi\/QJ7icp3muF8\/sddefault.jpg\" alt=\"PORSCHE GT3 Stg2 - Remap NPC PERFORMANCE\">\t\n\t\t\t\t\t\t\t\t\t\t\t\t\t<\/div>\n\t\t\t\t\t<\/div>\n\t\t\t\t\t\t\t\t\t\t\t<h3 class=\"yotu-video-title\">PORSCHE GT3 Stg2 - Remap NPC PERFORMANCE<\/h3>\n\t\t\t\t\t\t\t\t\t\t\t\t\t\t\t\t\t\t\t\t\t<div class=\"yotu-video-description\"><\/div>\n\t\t\t\t\t\t\t\t\t<\/a>\n\t\t\t\t\t\t\t<\/li>\n\t\t\t\t\n\t\t\t\t\t\t<li class=\"\">\n\t\t\t\t\t\t\t\t<a href=\"#3kXbvwwCsVY\" class=\"yotu-video\" data-videoid=\"3kXbvwwCsVY\" data-title=\"Porsche 911 Carrera S Remap Stg2 com Pipocos no Escape ( Escape GIBA ) by NPC PERFORMANCE CHIPS\" title=\"Porsche 911 Carrera S Remap Stg2 com Pipocos no Escape ( Escape GIBA ) by NPC PERFORMANCE CHIPS\">\n\t\t\t\t\t<div class=\"yotu-video-thumb-wrp\">\n\t\t\t\t\t\t<div>\n\t\t\t\t\t\t\t\t\t\t\t\t\t\t<img decoding=\"async\" class=\"yotu-video-thumb\" src=\"https:\/\/i.ytimg.com\/vi\/3kXbvwwCsVY\/sddefault.jpg\" alt=\"Porsche 911 Carrera S Remap Stg2 com Pipocos no Escape ( Escape GIBA ) by NPC PERFORMANCE CHIPS\">\t\n\t\t\t\t\t\t\t\t\t\t\t\t\t<\/div>\n\t\t\t\t\t<\/div>\n\t\t\t\t\t\t\t\t\t\t\t<h3 class=\"yotu-video-title\">Porsche 911 Carrera S Remap Stg2 com Pipocos no Escape ( Escape GIBA ) by NPC PERFORMANCE CHIPS<\/h3>\n\t\t\t\t\t\t\t\t\t\t\t\t\t\t\t\t\t\t\t\t\t<div class=\"yotu-video-description\"><\/div>\n\t\t\t\t\t\t\t\t\t<\/a>\n\t\t\t\t\t\t\t<\/li>\n\t\t\t\t\n\t\t\t\t\t\t<li class=\"\">\n\t\t\t\t\t\t\t\t<a href=\"#YWOlLYqmxkM\" class=\"yotu-video\" data-videoid=\"YWOlLYqmxkM\" data-title=\"GOLF GTI 2015 com Upgrade de Turbo is38 - Mapa ECU gasolina comum e Mapa  TCU.\" title=\"GOLF GTI 2015 com Upgrade de Turbo is38 - Mapa ECU gasolina comum e Mapa  TCU.\">\n\t\t\t\t\t<div class=\"yotu-video-thumb-wrp\">\n\t\t\t\t\t\t<div>\n\t\t\t\t\t\t\t\t\t\t\t\t\t\t<img decoding=\"async\" class=\"yotu-video-thumb\" src=\"https:\/\/i.ytimg.com\/vi\/YWOlLYqmxkM\/sddefault.jpg\" alt=\"GOLF GTI 2015 com Upgrade de Turbo is38 - Mapa ECU gasolina comum e Mapa  TCU.\">\t\n\t\t\t\t\t\t\t\t\t\t\t\t\t<\/div>\n\t\t\t\t\t<\/div>\n\t\t\t\t\t\t\t\t\t\t\t<h3 class=\"yotu-video-title\">GOLF GTI 2015 com Upgrade de Turbo is38 - Mapa ECU gasolina comum e Mapa  TCU.<\/h3>\n\t\t\t\t\t\t\t\t\t\t\t\t\t\t\t\t\t\t\t\t\t<div class=\"yotu-video-description\"><\/div>\n\t\t\t\t\t\t\t\t\t<\/a>\n\t\t\t\t\t\t\t<\/li>\n\t\t\t\t\n\t\t\t\t\t\t<li class=\"\">\n\t\t\t\t\t\t\t\t<a href=\"#-3C5vYqCiog\" class=\"yotu-video\" data-videoid=\"-3C5vYqCiog\" data-title=\"UP Tsi Stg3 180 Whp com Upgrade de Turbo HP by @npc__performance\" title=\"UP Tsi Stg3 180 Whp com Upgrade de Turbo HP by @npc__performance\">\n\t\t\t\t\t<div class=\"yotu-video-thumb-wrp\">\n\t\t\t\t\t\t<div>\n\t\t\t\t\t\t\t\t\t\t\t\t\t\t<img decoding=\"async\" class=\"yotu-video-thumb\" src=\"https:\/\/i.ytimg.com\/vi\/-3C5vYqCiog\/sddefault.jpg\" alt=\"UP Tsi Stg3 180 Whp com Upgrade de Turbo HP by @npc__performance\">\t\n\t\t\t\t\t\t\t\t\t\t\t\t\t<\/div>\n\t\t\t\t\t<\/div>\n\t\t\t\t\t\t\t\t\t\t\t<h3 class=\"yotu-video-title\">UP Tsi Stg3 180 Whp com Upgrade de Turbo HP by @npc__performance<\/h3>\n\t\t\t\t\t\t\t\t\t\t\t\t\t\t\t\t\t\t\t\t\t<div class=\"yotu-video-description\"><\/div>\n\t\t\t\t\t\t\t\t\t<\/a>\n\t\t\t\t\t\t\t<\/li>\n\t\t\t\t\n\t\t\t\t\t\t<li class=\"\">\n\t\t\t\t\t\t\t\t<a href=\"#3LYtUSWFdp4\" class=\"yotu-video\" data-videoid=\"3LYtUSWFdp4\" data-title=\"Reprograma\u00e7\u00e3o em tempo real ( remap ) Chip de Pot\u00eancia Chiptuning Emulador NPC PERFORMANCE\" title=\"Reprograma\u00e7\u00e3o em tempo real ( remap ) Chip de Pot\u00eancia Chiptuning Emulador NPC PERFORMANCE\">\n\t\t\t\t\t<div class=\"yotu-video-thumb-wrp\">\n\t\t\t\t\t\t<div>\n\t\t\t\t\t\t\t\t\t\t\t\t\t\t<img decoding=\"async\" class=\"yotu-video-thumb\" src=\"https:\/\/i.ytimg.com\/vi\/3LYtUSWFdp4\/sddefault.jpg\" alt=\"Reprograma\u00e7\u00e3o em tempo real ( remap ) Chip de Pot\u00eancia Chiptuning Emulador NPC PERFORMANCE\">\t\n\t\t\t\t\t\t\t\t\t\t\t\t\t<\/div>\n\t\t\t\t\t<\/div>\n\t\t\t\t\t\t\t\t\t\t\t<h3 class=\"yotu-video-title\">Reprograma\u00e7\u00e3o em tempo real ( remap ) Chip de Pot\u00eancia Chiptuning Emulador NPC PERFORMANCE<\/h3>\n\t\t\t\t\t\t\t\t\t\t\t\t\t\t\t\t\t\t\t\t\t<div class=\"yotu-video-description\"><\/div>\n\t\t\t\t\t\t\t\t\t<\/a>\n\t\t\t\t\t\t\t<\/li>\n\t\t\t\t\n\t\t\t\t\t\t<li class=\"\">\n\t\t\t\t\t\t\t\t<a href=\"#tLeWpE08xxU\" class=\"yotu-video\" data-videoid=\"tLeWpE08xxU\" data-title=\"M\u00f3dulo de Controle do Acelerador Eletr\u00f4nico.\" title=\"M\u00f3dulo de Controle do Acelerador Eletr\u00f4nico.\">\n\t\t\t\t\t<div class=\"yotu-video-thumb-wrp\">\n\t\t\t\t\t\t<div>\n\t\t\t\t\t\t\t\t\t\t\t\t\t\t<img decoding=\"async\" class=\"yotu-video-thumb\" src=\"https:\/\/i.ytimg.com\/vi\/tLeWpE08xxU\/sddefault.jpg\" alt=\"M\u00f3dulo de Controle do Acelerador Eletr\u00f4nico.\">\t\n\t\t\t\t\t\t\t\t\t\t\t\t\t<\/div>\n\t\t\t\t\t<\/div>\n\t\t\t\t\t\t\t\t\t\t\t<h3 class=\"yotu-video-title\">M\u00f3dulo de Controle do Acelerador Eletr\u00f4nico.<\/h3>\n\t\t\t\t\t\t\t\t\t\t\t\t\t\t\t\t\t\t\t\t\t<div class=\"yotu-video-description\"><\/div>\n\t\t\t\t\t\t\t\t\t<\/a>\n\t\t\t\t\t\t\t<\/li>\n\t\t\t\t\n\t\t\t\t\t\t<li class=\"\">\n\t\t\t\t\t\t\t\t<a href=\"#18YCPNRUmvc\" class=\"yotu-video\" data-videoid=\"18YCPNRUmvc\" data-title=\"Audi A6 - Reprograma\u00e7\u00e3o da TCU DL501 APR \/ NPC PERFORMANCE\" title=\"Audi A6 - Reprograma\u00e7\u00e3o da TCU DL501 APR \/ NPC PERFORMANCE\">\n\t\t\t\t\t<div class=\"yotu-video-thumb-wrp\">\n\t\t\t\t\t\t<div>\n\t\t\t\t\t\t\t\t\t\t\t\t\t\t<img decoding=\"async\" class=\"yotu-video-thumb\" src=\"https:\/\/i.ytimg.com\/vi\/18YCPNRUmvc\/sddefault.jpg\" alt=\"Audi A6 - Reprograma\u00e7\u00e3o da TCU DL501 APR \/ NPC PERFORMANCE\">\t\n\t\t\t\t\t\t\t\t\t\t\t\t\t<\/div>\n\t\t\t\t\t<\/div>\n\t\t\t\t\t\t\t\t\t\t\t<h3 class=\"yotu-video-title\">Audi A6 - Reprograma\u00e7\u00e3o da TCU DL501 APR \/ NPC PERFORMANCE<\/h3>\n\t\t\t\t\t\t\t\t\t\t\t\t\t\t\t\t\t\t\t\t\t<div class=\"yotu-video-description\"><\/div>\n\t\t\t\t\t\t\t\t\t<\/a>\n\t\t\t\t\t\t\t<\/li>\n\t\t\t\t\n\t\t\t\t\t\t<li class=\"\">\n\t\t\t\t\t\t\t\t<a href=\"#WTqCWXWRQnE\" class=\"yotu-video\" data-videoid=\"WTqCWXWRQnE\" data-title=\"VW EOS 2.0 TSI - Remapeamento do C\u00e2mbio DSG APR \/ NPC PERFORMANCE\" title=\"VW EOS 2.0 TSI - Remapeamento do C\u00e2mbio DSG APR \/ NPC PERFORMANCE\">\n\t\t\t\t\t<div class=\"yotu-video-thumb-wrp\">\n\t\t\t\t\t\t<div>\n\t\t\t\t\t\t\t\t\t\t\t\t\t\t<img decoding=\"async\" class=\"yotu-video-thumb\" src=\"https:\/\/i.ytimg.com\/vi\/WTqCWXWRQnE\/sddefault.jpg\" alt=\"VW EOS 2.0 TSI - Remapeamento do C\u00e2mbio DSG APR \/ NPC PERFORMANCE\">\t\n\t\t\t\t\t\t\t\t\t\t\t\t\t<\/div>\n\t\t\t\t\t<\/div>\n\t\t\t\t\t\t\t\t\t\t\t<h3 class=\"yotu-video-title\">VW EOS 2.0 TSI - Remapeamento do C\u00e2mbio DSG APR \/ NPC PERFORMANCE<\/h3>\n\t\t\t\t\t\t\t\t\t\t\t\t\t\t\t\t\t\t\t\t\t<div class=\"yotu-video-description\"><\/div>\n\t\t\t\t\t\t\t\t\t<\/a>\n\t\t\t\t\t\t\t<\/li>\n\t\t\t\t\n\t\t\t\t\t\t<li class=\"\">\n\t\t\t\t\t\t\t\t<a href=\"#dMFENCRjAQE\" class=\"yotu-video\" data-videoid=\"dMFENCRjAQE\" data-title=\"ShiftPower Faaftech - Modos de Acelera\u00e7\u00e3o \/ Instala\u00e7\u00e3o NPC PERFORMANCE\" title=\"ShiftPower Faaftech - Modos de Acelera\u00e7\u00e3o \/ Instala\u00e7\u00e3o NPC PERFORMANCE\">\n\t\t\t\t\t<div class=\"yotu-video-thumb-wrp\">\n\t\t\t\t\t\t<div>\n\t\t\t\t\t\t\t\t\t\t\t\t\t\t<img decoding=\"async\" class=\"yotu-video-thumb\" src=\"https:\/\/i.ytimg.com\/vi\/dMFENCRjAQE\/sddefault.jpg\" alt=\"ShiftPower Faaftech - Modos de Acelera\u00e7\u00e3o \/ Instala\u00e7\u00e3o NPC PERFORMANCE\">\t\n\t\t\t\t\t\t\t\t\t\t\t\t\t<\/div>\n\t\t\t\t\t<\/div>\n\t\t\t\t\t\t\t\t\t\t\t<h3 class=\"yotu-video-title\">ShiftPower Faaftech - Modos de Acelera\u00e7\u00e3o \/ Instala\u00e7\u00e3o NPC PERFORMANCE<\/h3>\n\t\t\t\t\t\t\t\t\t\t\t\t\t\t\t\t\t\t\t\t\t<div class=\"yotu-video-description\"><\/div>\n\t\t\t\t\t\t\t\t\t<\/a>\n\t\t\t\t\t\t\t<\/li>\n\t\t\t\t\n\t\t\t\t\t\t<li class=\"\">\n\t\t\t\t\t\t\t\t<a href=\"#3UG6q-INa-M\" class=\"yotu-video\" data-videoid=\"3UG6q-INa-M\" data-title=\"VW GOLF GTI Stg1 +70cv na roda APR \/ NPC PERFORMANCE\" title=\"VW GOLF GTI Stg1 +70cv na roda APR \/ NPC PERFORMANCE\">\n\t\t\t\t\t<div class=\"yotu-video-thumb-wrp\">\n\t\t\t\t\t\t<div>\n\t\t\t\t\t\t\t\t\t\t\t\t\t\t<img decoding=\"async\" class=\"yotu-video-thumb\" src=\"https:\/\/i.ytimg.com\/vi\/3UG6q-INa-M\/sddefault.jpg\" alt=\"VW GOLF GTI Stg1 +70cv na roda APR \/ NPC PERFORMANCE\">\t\n\t\t\t\t\t\t\t\t\t\t\t\t\t<\/div>\n\t\t\t\t\t<\/div>\n\t\t\t\t\t\t\t\t\t\t\t<h3 class=\"yotu-video-title\">VW GOLF GTI Stg1 +70cv na roda APR \/ NPC PERFORMANCE<\/h3>\n\t\t\t\t\t\t\t\t\t\t\t\t\t\t\t\t\t\t\t\t\t<div class=\"yotu-video-description\"><\/div>\n\t\t\t\t\t\t\t\t\t<\/a>\n\t\t\t\t\t\t\t<\/li>\n\t\t\t\t\n\t\t\t\t\t\t<li class=\"\">\n\t\t\t\t\t\t\t\t<a href=\"#Jz7rvzGrnUo\" class=\"yotu-video\" data-videoid=\"Jz7rvzGrnUo\" data-title=\"VW Novo Fusca 211cv 2.0 Tsi\" title=\"VW Novo Fusca 211cv 2.0 Tsi\">\n\t\t\t\t\t<div class=\"yotu-video-thumb-wrp\">\n\t\t\t\t\t\t<div>\n\t\t\t\t\t\t\t\t\t\t\t\t\t\t<img decoding=\"async\" class=\"yotu-video-thumb\" src=\"https:\/\/i.ytimg.com\/vi\/Jz7rvzGrnUo\/sddefault.jpg\" alt=\"VW Novo Fusca 211cv 2.0 Tsi\">\t\n\t\t\t\t\t\t\t\t\t\t\t\t\t<\/div>\n\t\t\t\t\t<\/div>\n\t\t\t\t\t\t\t\t\t\t\t<h3 class=\"yotu-video-title\">VW Novo Fusca 211cv 2.0 Tsi<\/h3>\n\t\t\t\t\t\t\t\t\t\t\t\t\t\t\t\t\t\t\t\t\t<div class=\"yotu-video-description\"><\/div>\n\t\t\t\t\t\t\t\t\t<\/a>\n\t\t\t\t\t\t\t<\/li>\n\t\t\t\t\n\t\t\t\t\t\t<li class=\" yotu-last\">\n\t\t\t\t\t\t\t\t<a href=\"#0DGtNCOoSqQ\" class=\"yotu-video\" data-videoid=\"0DGtNCOoSqQ\" data-title=\"GLI Stg4 550cv ( 470Whp ) APR by NPC PERFORMANCE.\" title=\"GLI Stg4 550cv ( 470Whp ) APR by NPC PERFORMANCE.\">\n\t\t\t\t\t<div class=\"yotu-video-thumb-wrp\">\n\t\t\t\t\t\t<div>\n\t\t\t\t\t\t\t\t\t\t\t\t\t\t<img decoding=\"async\" class=\"yotu-video-thumb\" src=\"https:\/\/i.ytimg.com\/vi\/0DGtNCOoSqQ\/sddefault.jpg\" alt=\"GLI Stg4 550cv ( 470Whp ) APR by NPC PERFORMANCE.\">\t\n\t\t\t\t\t\t\t\t\t\t\t\t\t<\/div>\n\t\t\t\t\t<\/div>\n\t\t\t\t\t\t\t\t\t\t\t<h3 class=\"yotu-video-title\">GLI Stg4 550cv ( 470Whp ) APR by NPC PERFORMANCE.<\/h3>\n\t\t\t\t\t\t\t\t\t\t\t\t\t\t\t\t\t\t\t\t\t<div class=\"yotu-video-description\"><\/div>\n\t\t\t\t\t\t\t\t\t<\/a>\n\t\t\t\t\t\t\t<\/li>\n\t\t\t\t\n\t\t\t\t<\/ul>\n<\/div><div class=\"yotu-pagination\">\n\t<a href=\"#\" class=\"yotu-pagination-more yotu-button-prs yotu-button-prs-2\" data-page=\"more\">Load more<\/a>\n<\/div>\n\t\t\t\t<\/div>\n\t\t\t<\/div>\n\t\t\t<\/div>\n<p><!-- {\"type\":\"layout\",\"children\":[{\"type\":\"section\",\"props\":{\"style\":\"default\",\"width\":\"default\",\"vertical_align\":\"middle\",\"title_position\":\"top-left\",\"title_rotation\":\"left\",\"title_breakpoint\":\"xl\",\"image_position\":\"top-center\",\"text_color\":\"\",\"width_expand\":\"\",\"height\":\"\",\"padding\":\"\",\"header_transparent\":\"\",\"animation\":\"\",\"image\":\"wp-content\\\/uploads\\\/2019\\\/10\\\/bg-quem.jpg\",\"image_size\":\"contain\",\"image_effect\":\"\",\"image_parallax_breakpoint\":\"\",\"image_visibility\":\"\",\"video_width\":\"\",\"video_height\":\"\",\"media_blend_mode\":\"\"},\"children\":[{\"type\":\"row\",\"props\":{\"layout\":\"1-1\",\"breakpoint\":\"m\",\"fixed_width\":\"large\",\"gutter\":\"\",\"width\":\"\",\"width_expand\":\"\",\"height\":\"\",\"margin\":\"\"},\"children\":[{\"type\":\"column\",\"props\":{\"widths\":[\"1-1\"],\"image_position\":\"center-center\",\"media_overlay_gradient\":\"\",\"vertical_align\":\"\",\"style\":\"\",\"text_color\":\"\",\"padding\":\"\"},\"children\":[{\"type\":\"headline\",\"props\":{\"title_element\":\"h1\",\"title_style\":\"\",\"title_decoration\":\"\",\"title_font_family\":\"\",\"title_color\":\"\",\"position\":\"relative\",\"position_z_index\":\"\",\"margin\":\"remove-vertical\",\"maxwidth\":\"\",\"maxwidth_breakpoint\":\"\",\"block_align\":\"\",\"block_align_breakpoint\":\"\",\"block_align_fallback\":\"\",\"text_align\":\"center\",\"text_align_breakpoint\":\"\",\"text_align_fallback\":\"\",\"animation\":\"\",\"visibility\":\"\",\"content\":\"GALERIA DE\",\"position_bottom\":\"-30\"}},{\"type\":\"headline\",\"props\":{\"title_element\":\"h1\",\"title_style\":\"heading-large\",\"title_decoration\":\"\",\"title_font_family\":\"primary\",\"title_color\":\"danger\",\"position\":\"\",\"position_z_index\":\"\",\"margin\":\"remove-vertical\",\"maxwidth\":\"\",\"maxwidth_breakpoint\":\"\",\"block_align\":\"\",\"block_align_breakpoint\":\"\",\"block_align_fallback\":\"\",\"text_align\":\"center\",\"text_align_breakpoint\":\"\",\"text_align_fallback\":\"\",\"animation\":\"\",\"visibility\":\"\",\"content\":\"V\\u00cdDEOS\"}},{\"type\":\"html\",\"props\":{\"content\":\"[yotuwp type=\\\"username\\\" id=\\\"nascarchips\\\" ]\"}}]}]}]}],\"version\":\"1.21.10\",\"props\":[]} --><\/p>\n","protected":false},"excerpt":{"rendered":"<p>GALERIA DE V\u00cdDEOS<\/p>\n","protected":false},"author":1,"featured_media":0,"parent":176,"menu_order":0,"comment_status":"closed","ping_status":"closed","template":"","meta":{"_acf_changed":false,"_joinchat":[],"footnotes":""},"class_list":["post-342","page","type-page","status-publish","hentry"],"acf":[],"_links":{"self":[{"href":"https:\/\/npcperformance.com.br\/site\/wp-json\/wp\/v2\/pages\/342","targetHints":{"allow":["GET"]}}],"collection":[{"href":"https:\/\/npcperformance.com.br\/site\/wp-json\/wp\/v2\/pages"}],"about":[{"href":"https:\/\/npcperformance.com.br\/site\/wp-json\/wp\/v2\/types\/page"}],"author":[{"embeddable":true,"href":"https:\/\/npcperformance.com.br\/site\/wp-json\/wp\/v2\/users\/1"}],"replies":[{"embeddable":true,"href":"https:\/\/npcperformance.com.br\/site\/wp-json\/wp\/v2\/comments?post=342"}],"version-history":[{"count":4,"href":"https:\/\/npcperformance.com.br\/site\/wp-json\/wp\/v2\/pages\/342\/revisions"}],"predecessor-version":[{"id":347,"href":"https:\/\/npcperformance.com.br\/site\/wp-json\/wp\/v2\/pages\/342\/revisions\/347"}],"up":[{"embeddable":true,"href":"https:\/\/npcperformance.com.br\/site\/wp-json\/wp\/v2\/pages\/176"}],"wp:attachment":[{"href":"https:\/\/npcperformance.com.br\/site\/wp-json\/wp\/v2\/media?parent=342"}],"curies":[{"name":"wp","href":"https:\/\/api.w.org\/{rel}","templated":true}]}}